{"id":213,"date":"2026-03-26T15:43:34","date_gmt":"2026-03-26T14:43:34","guid":{"rendered":"https:\/\/www.le-galibot.com\/a-propos\/recrutement\/"},"modified":"2026-03-31T11:41:24","modified_gmt":"2026-03-31T09:41:24","slug":"careers","status":"publish","type":"page","link":"https:\/\/www.le-galibot.com\/en\/about-us\/careers\/","title":{"rendered":"Careers"},"content":{"rendered":"\n<div class=\"wp-block-cover alignfull is-light is-style-default\" style=\"margin-top:0;margin-bottom:0;padding-top:var(--wp--preset--spacing--xl);padding-bottom:var(--wp--preset--spacing--xl);min-height:50px;aspect-ratio:unset;\"><span aria-hidden=\"true\" class=\"wp-block-cover__background has-neutral-200-background-color has-background-dim-100 has-background-dim\"><\/span><div class=\"wp-block-cover__inner-container has-global-padding is-layout-constrained wp-container-core-cover-is-layout-f26b76e4 wp-block-cover-is-layout-constrained\">\n\t<div class=\"has-text-align-center skp-block-breadcrumb wp-block-skp-breadcrumb has-sm-font-size\" id=\"skp-block-breadcrumb-69d390758b1d49.89161169\">\n\t\t\n<nav\tclass=\"breadcrumb\"\n\taria-label=\"Breadcrumbs\">\n\t<ol class=\"breadcrumb__list\">\n\t\t\t\t\t<li class=\"breadcrumb__item\">\n\t\t\t\t\t\t\t\t\t<a href=\"https:\/\/www.le-galibot.com\/en\/\" class=\"breadcrumb__link\">\n\t\t\t\t\t\tHome\t\t\t\t\t<\/a>\n\t\t\t\t\t\t\t\t\t\t\t\t<\/li>\n\t\t\t<\/ol>\n\n\t<\/nav>\t<\/div>\n\n\n<h1 style=\"text-align: center;\" class=\"has-text-align-center skp-block-primary-title wp-block-skp-primary-title\" id=\"skp-block-primary-title-69d390758e4614.07944740\">\n\tJoin <mark class=\"skp-textformat--highlight\">Galibot<\/mark><\/h1>\n\n\n\n<p class=\"has-text-align-center\">At Galibot, we develop innovative electric utility mobility solutions designed for demanding professional environments. A subsidiary of the MovNtec group, we benefit from a strong industrial foundation thanks to the group\u2019s production site located in Ruitz, in the Pas-de-Calais (62), where our solutions are industrialized and manufactured.<\/p>\n<\/div><\/div>\n\n\n\n<div class=\"wp-block-group alignfull is-layout-flow wp-block-group-is-layout-flow\" style=\"margin-top:0;margin-bottom:var(--wp--preset--spacing--sm);padding-top:var(--wp--preset--spacing--2-xl);padding-bottom:var(--wp--preset--spacing--2-xl)\">\n<div class=\"wp-block-group has-global-padding is-layout-constrained wp-block-group-is-layout-constrained\">\n<div class=\"wp-block-columns alignwide are-vertically-aligned-center is-layout-flex wp-container-core-columns-is-layout-bcd47468 wp-block-columns-is-layout-flex\">\n<div class=\"wp-block-column is-vertically-aligned-center is-layout-flow wp-container-core-column-is-layout-86b72393 wp-block-column-is-layout-flow\">\n<figure class=\"wp-block-image size-full has-custom-border is-deco-top-left\"><img decoding=\"async\" width=\"2500\" height=\"1667\" src=\"https:\/\/www.le-galibot.com\/wp-inside\/uploads\/sites\/3\/2026\/03\/production-galibot-2.jpg\" alt=\"Production Galibot gros plan\" class=\"wp-image-1260\" style=\"border-radius:0px;aspect-ratio:4\/3;object-fit:cover\" srcset=\"https:\/\/www.le-galibot.com\/wp-inside\/uploads\/sites\/3\/2026\/03\/production-galibot-2.jpg 2500w, https:\/\/www.le-galibot.com\/wp-inside\/uploads\/sites\/3\/2026\/03\/production-galibot-2-300x200.jpg 300w, https:\/\/www.le-galibot.com\/wp-inside\/uploads\/sites\/3\/2026\/03\/production-galibot-2-1024x683.jpg 1024w, https:\/\/www.le-galibot.com\/wp-inside\/uploads\/sites\/3\/2026\/03\/production-galibot-2-768x512.jpg 768w, https:\/\/www.le-galibot.com\/wp-inside\/uploads\/sites\/3\/2026\/03\/production-galibot-2-1536x1024.jpg 1536w, https:\/\/www.le-galibot.com\/wp-inside\/uploads\/sites\/3\/2026\/03\/production-galibot-2-2048x1366.jpg 2048w, https:\/\/www.le-galibot.com\/wp-inside\/uploads\/sites\/3\/2026\/03\/production-galibot-2-2000x1334.jpg 2000w\" sizes=\"(max-width: 2500px) 100vw, 2500px\" \/><\/figure>\n<\/div>\n\n\n\n<div class=\"wp-block-column is-vertically-aligned-center is-layout-flow wp-block-column-is-layout-flow\">\n<h2 class=\"wp-block-heading is-style-default\">Why join Galibot?<\/h2>\n\n\n\n<p>Joining Galibot means becoming part of a fast-growing company specialized in electric utility mobility solutions.<\/p>\n\n\n\n<p>Our teams work on developing innovative vehicles designed to transform professional field operations across many sectors: public services, logistics, agriculture, and natural environments.<\/p>\n\n\n\n<p>Backed by the industrial expertise of the MovNtec group, Galibot offers a dynamic work environment focused on innovation, performance, and skills development.<\/p>\n\n\n\n<div class=\"wp-block-buttons is-layout-flex wp-block-buttons-is-layout-flex\">\n<div class=\"wp-block-button is-style-btn-primary\"><a class=\"wp-block-button__link wp-element-button\" href=\"https:\/\/www.movntec.com\/contact\/#formulaire\">Send us your application<\/a><\/div>\n<\/div>\n<\/div>\n<\/div>\n<\/div>\n<\/div>\n","protected":false},"excerpt":{"rendered":"<p>Why join Galibot? Joining Galibot means becoming part of a fast-growing company specialized in electric utility mobility solutions. Our teams work on developing innovative vehicles designed to transform professional field operations across many sectors: public services, logistics, agriculture, and natural environments. Backed by the industrial expertise of the MovNtec group, Galibot offers a dynamic work [&hellip;]<\/p>\n","protected":false},"author":3,"featured_media":0,"parent":201,"menu_order":0,"comment_status":"closed","ping_status":"closed","template":"","meta":{"_acf_changed":false,"footnotes":""},"class_list":["post-213","page","type-page","status-publish","hentry"],"acf":[],"yoast_head":"<!-- This site is optimized with the Yoast SEO plugin v27.3 - https:\/\/yoast.com\/product\/yoast-seo-wordpress\/ -->\n<title>Careers | Le Galibot<\/title>\n<meta name=\"robots\" content=\"index, follow, max-snippet:-1, max-image-preview:large, max-video-preview:-1\" \/>\n<link rel=\"canonical\" href=\"https:\/\/www.le-galibot.com\/en\/about-us\/careers\/\" \/>\n<meta property=\"og:locale\" content=\"en_US\" \/>\n<meta property=\"og:type\" content=\"article\" \/>\n<meta property=\"og:title\" content=\"Careers\" \/>\n<meta property=\"og:description\" content=\"Why join Galibot? Joining Galibot means becoming part of a fast-growing company specialized in electric utility mobility solutions. Our teams work on developing innovative vehicles designed to transform professional field operations across many sectors: public services, logistics, agriculture, and natural environments. Backed by the industrial expertise of the MovNtec group, Galibot offers a dynamic work [&hellip;]\" \/>\n<meta property=\"og:url\" content=\"https:\/\/www.le-galibot.com\/en\/about-us\/careers\/\" \/>\n<meta property=\"og:site_name\" content=\"Le Galibot\" \/>\n<meta property=\"article:modified_time\" content=\"2026-03-31T09:41:24+00:00\" \/>\n<meta property=\"og:image\" content=\"https:\/\/www.le-galibot.com\/wp-inside\/uploads\/sites\/3\/2026\/03\/production-galibot-2.jpg\" \/>\n\t<meta property=\"og:image:width\" content=\"2500\" \/>\n\t<meta property=\"og:image:height\" content=\"1667\" \/>\n\t<meta property=\"og:image:type\" content=\"image\/jpeg\" \/>\n<meta name=\"twitter:card\" content=\"summary_large_image\" \/>\n<script type=\"application\/ld+json\" class=\"yoast-schema-graph\">{\"@context\":\"https:\\\/\\\/schema.org\",\"@graph\":[{\"@type\":\"WebPage\",\"@id\":\"https:\\\/\\\/www.le-galibot.com\\\/en\\\/about-us\\\/careers\\\/\",\"url\":\"https:\\\/\\\/www.le-galibot.com\\\/en\\\/about-us\\\/careers\\\/\",\"name\":\"Careers\",\"isPartOf\":{\"@id\":\"https:\\\/\\\/www.le-galibot.com\\\/en\\\/#website\"},\"primaryImageOfPage\":{\"@id\":\"https:\\\/\\\/www.le-galibot.com\\\/en\\\/about-us\\\/careers\\\/#primaryimage\"},\"image\":{\"@id\":\"https:\\\/\\\/www.le-galibot.com\\\/en\\\/about-us\\\/careers\\\/#primaryimage\"},\"thumbnailUrl\":\"https:\\\/\\\/www.le-galibot.com\\\/wp-inside\\\/uploads\\\/sites\\\/3\\\/2026\\\/03\\\/production-galibot-2.jpg\",\"datePublished\":\"2026-03-26T14:43:34+00:00\",\"dateModified\":\"2026-03-31T09:41:24+00:00\",\"breadcrumb\":{\"@id\":\"https:\\\/\\\/www.le-galibot.com\\\/en\\\/about-us\\\/careers\\\/#breadcrumb\"},\"inLanguage\":\"en-US\",\"potentialAction\":[{\"@type\":\"ReadAction\",\"target\":[\"https:\\\/\\\/www.le-galibot.com\\\/en\\\/about-us\\\/careers\\\/\"]}]},{\"@type\":\"ImageObject\",\"inLanguage\":\"en-US\",\"@id\":\"https:\\\/\\\/www.le-galibot.com\\\/en\\\/about-us\\\/careers\\\/#primaryimage\",\"url\":\"https:\\\/\\\/www.le-galibot.com\\\/wp-inside\\\/uploads\\\/sites\\\/3\\\/2026\\\/03\\\/production-galibot-2.jpg\",\"contentUrl\":\"https:\\\/\\\/www.le-galibot.com\\\/wp-inside\\\/uploads\\\/sites\\\/3\\\/2026\\\/03\\\/production-galibot-2.jpg\"},{\"@type\":\"BreadcrumbList\",\"@id\":\"https:\\\/\\\/www.le-galibot.com\\\/en\\\/about-us\\\/careers\\\/#breadcrumb\",\"itemListElement\":[{\"@type\":\"ListItem\",\"position\":1,\"name\":\"Home\",\"item\":\"https:\\\/\\\/www.le-galibot.com\\\/en\\\/\"},{\"@type\":\"ListItem\",\"position\":2,\"name\":\"About us\",\"item\":\"https:\\\/\\\/www.le-galibot.com\\\/en\\\/about-us\\\/\"},{\"@type\":\"ListItem\",\"position\":3,\"name\":\"Careers\"}]},{\"@type\":\"WebSite\",\"@id\":\"https:\\\/\\\/www.le-galibot.com\\\/en\\\/#website\",\"url\":\"https:\\\/\\\/www.le-galibot.com\\\/en\\\/\",\"name\":\"Le Galibot\",\"description\":\"V\u00e9hicule utilitaire \u00e9lectrique \u00e0 destination des professionnels\",\"publisher\":{\"@id\":\"https:\\\/\\\/www.le-galibot.com\\\/en\\\/#organization\"},\"potentialAction\":[{\"@type\":\"SearchAction\",\"target\":{\"@type\":\"EntryPoint\",\"urlTemplate\":\"https:\\\/\\\/www.le-galibot.com\\\/en\\\/?s={search_term_string}\"},\"query-input\":{\"@type\":\"PropertyValueSpecification\",\"valueRequired\":true,\"valueName\":\"search_term_string\"}}],\"inLanguage\":\"en-US\"},{\"@type\":\"Organization\",\"@id\":\"https:\\\/\\\/www.le-galibot.com\\\/en\\\/#organization\",\"name\":\"Le Galibot\",\"url\":\"https:\\\/\\\/www.le-galibot.com\\\/en\\\/\",\"logo\":{\"@type\":\"ImageObject\",\"inLanguage\":\"en-US\",\"@id\":\"https:\\\/\\\/www.le-galibot.com\\\/en\\\/#\\\/schema\\\/logo\\\/image\\\/\",\"url\":\"https:\\\/\\\/www.le-galibot.com\\\/wp-inside\\\/uploads\\\/sites\\\/3\\\/2026\\\/03\\\/logo.png\",\"contentUrl\":\"https:\\\/\\\/www.le-galibot.com\\\/wp-inside\\\/uploads\\\/sites\\\/3\\\/2026\\\/03\\\/logo.png\",\"width\":228,\"height\":50,\"caption\":\"Le Galibot\"},\"image\":{\"@id\":\"https:\\\/\\\/www.le-galibot.com\\\/en\\\/#\\\/schema\\\/logo\\\/image\\\/\"}}]}<\/script>\n<!-- \/ Yoast SEO plugin. -->","yoast_head_json":{"title":"Careers | Le Galibot","robots":{"index":"index","follow":"follow","max-snippet":"max-snippet:-1","max-image-preview":"max-image-preview:large","max-video-preview":"max-video-preview:-1"},"canonical":"https:\/\/www.le-galibot.com\/en\/about-us\/careers\/","og_locale":"en_US","og_type":"article","og_title":"Careers","og_description":"Why join Galibot? Joining Galibot means becoming part of a fast-growing company specialized in electric utility mobility solutions. Our teams work on developing innovative vehicles designed to transform professional field operations across many sectors: public services, logistics, agriculture, and natural environments. Backed by the industrial expertise of the MovNtec group, Galibot offers a dynamic work [&hellip;]","og_url":"https:\/\/www.le-galibot.com\/en\/about-us\/careers\/","og_site_name":"Le Galibot","article_modified_time":"2026-03-31T09:41:24+00:00","og_image":[{"width":2500,"height":1667,"url":"https:\/\/www.le-galibot.com\/wp-inside\/uploads\/sites\/3\/2026\/03\/production-galibot-2.jpg","type":"image\/jpeg"}],"twitter_card":"summary_large_image","schema":{"@context":"https:\/\/schema.org","@graph":[{"@type":"WebPage","@id":"https:\/\/www.le-galibot.com\/en\/about-us\/careers\/","url":"https:\/\/www.le-galibot.com\/en\/about-us\/careers\/","name":"Careers","isPartOf":{"@id":"https:\/\/www.le-galibot.com\/en\/#website"},"primaryImageOfPage":{"@id":"https:\/\/www.le-galibot.com\/en\/about-us\/careers\/#primaryimage"},"image":{"@id":"https:\/\/www.le-galibot.com\/en\/about-us\/careers\/#primaryimage"},"thumbnailUrl":"https:\/\/www.le-galibot.com\/wp-inside\/uploads\/sites\/3\/2026\/03\/production-galibot-2.jpg","datePublished":"2026-03-26T14:43:34+00:00","dateModified":"2026-03-31T09:41:24+00:00","breadcrumb":{"@id":"https:\/\/www.le-galibot.com\/en\/about-us\/careers\/#breadcrumb"},"inLanguage":"en-US","potentialAction":[{"@type":"ReadAction","target":["https:\/\/www.le-galibot.com\/en\/about-us\/careers\/"]}]},{"@type":"ImageObject","inLanguage":"en-US","@id":"https:\/\/www.le-galibot.com\/en\/about-us\/careers\/#primaryimage","url":"https:\/\/www.le-galibot.com\/wp-inside\/uploads\/sites\/3\/2026\/03\/production-galibot-2.jpg","contentUrl":"https:\/\/www.le-galibot.com\/wp-inside\/uploads\/sites\/3\/2026\/03\/production-galibot-2.jpg"},{"@type":"BreadcrumbList","@id":"https:\/\/www.le-galibot.com\/en\/about-us\/careers\/#breadcrumb","itemListElement":[{"@type":"ListItem","position":1,"name":"Home","item":"https:\/\/www.le-galibot.com\/en\/"},{"@type":"ListItem","position":2,"name":"About us","item":"https:\/\/www.le-galibot.com\/en\/about-us\/"},{"@type":"ListItem","position":3,"name":"Careers"}]},{"@type":"WebSite","@id":"https:\/\/www.le-galibot.com\/en\/#website","url":"https:\/\/www.le-galibot.com\/en\/","name":"Le Galibot","description":"V\u00e9hicule utilitaire \u00e9lectrique \u00e0 destination des professionnels","publisher":{"@id":"https:\/\/www.le-galibot.com\/en\/#organization"},"potentialAction":[{"@type":"SearchAction","target":{"@type":"EntryPoint","urlTemplate":"https:\/\/www.le-galibot.com\/en\/?s={search_term_string}"},"query-input":{"@type":"PropertyValueSpecification","valueRequired":true,"valueName":"search_term_string"}}],"inLanguage":"en-US"},{"@type":"Organization","@id":"https:\/\/www.le-galibot.com\/en\/#organization","name":"Le Galibot","url":"https:\/\/www.le-galibot.com\/en\/","logo":{"@type":"ImageObject","inLanguage":"en-US","@id":"https:\/\/www.le-galibot.com\/en\/#\/schema\/logo\/image\/","url":"https:\/\/www.le-galibot.com\/wp-inside\/uploads\/sites\/3\/2026\/03\/logo.png","contentUrl":"https:\/\/www.le-galibot.com\/wp-inside\/uploads\/sites\/3\/2026\/03\/logo.png","width":228,"height":50,"caption":"Le Galibot"},"image":{"@id":"https:\/\/www.le-galibot.com\/en\/#\/schema\/logo\/image\/"}}]}},"_links":{"self":[{"href":"https:\/\/www.le-galibot.com\/en\/wp-json\/wp\/v2\/pages\/213","targetHints":{"allow":["GET"]}}],"collection":[{"href":"https:\/\/www.le-galibot.com\/en\/wp-json\/wp\/v2\/pages"}],"about":[{"href":"https:\/\/www.le-galibot.com\/en\/wp-json\/wp\/v2\/types\/page"}],"author":[{"embeddable":true,"href":"https:\/\/www.le-galibot.com\/en\/wp-json\/wp\/v2\/users\/3"}],"replies":[{"embeddable":true,"href":"https:\/\/www.le-galibot.com\/en\/wp-json\/wp\/v2\/comments?post=213"}],"version-history":[{"count":4,"href":"https:\/\/www.le-galibot.com\/en\/wp-json\/wp\/v2\/pages\/213\/revisions"}],"predecessor-version":[{"id":1389,"href":"https:\/\/www.le-galibot.com\/en\/wp-json\/wp\/v2\/pages\/213\/revisions\/1389"}],"up":[{"embeddable":true,"href":"https:\/\/www.le-galibot.com\/en\/wp-json\/wp\/v2\/pages\/201"}],"wp:attachment":[{"href":"https:\/\/www.le-galibot.com\/en\/wp-json\/wp\/v2\/media?parent=213"}],"curies":[{"name":"wp","href":"https:\/\/api.w.org\/{rel}","templated":true}]}}