{"id":306,"date":"2026-03-24T12:05:39","date_gmt":"2026-03-24T11:05:39","guid":{"rendered":"https:\/\/www.le-galibot.com\/plan-du-site\/"},"modified":"2026-03-26T21:22:02","modified_gmt":"2026-03-26T20:22:02","slug":"sitemap","status":"publish","type":"page","link":"https:\/\/www.le-galibot.com\/de\/sitemap\/","title":{"rendered":"Sitemap"},"content":{"rendered":"\n<div class=\"wp-block-group alignfull has-global-padding is-layout-constrained wp-block-group-is-layout-constrained\" style=\"padding-top:0;padding-bottom:0\">\n<div class=\"wp-block-cover alignfull is-light is-style-default\" style=\"margin-top:0;margin-bottom:0;padding-top:var(--wp--preset--spacing--xl);padding-bottom:var(--wp--preset--spacing--xl);min-height:50px;aspect-ratio:unset;\"><span aria-hidden=\"true\" class=\"wp-block-cover__background has-neutral-200-background-color has-background-dim-100 has-background-dim\"><\/span><div class=\"wp-block-cover__inner-container has-global-padding is-layout-constrained wp-container-core-cover-is-layout-f26b76e4 wp-block-cover-is-layout-constrained\">\n\t<div class=\"has-text-align-center skp-block-breadcrumb wp-block-skp-breadcrumb has-sm-font-size\" id=\"skp-block-breadcrumb-69d38e3858d814.05825199\">\n\t\t\n<nav\tclass=\"breadcrumb\"\n\taria-label=\"Breadcrumbs\">\n\t<ol class=\"breadcrumb__list\">\n\t\t\t\t\t<li class=\"breadcrumb__item\">\n\t\t\t\t\t\t\t\t\t<a href=\"https:\/\/www.le-galibot.com\/de\/\" class=\"breadcrumb__link\">\n\t\t\t\t\t\tStartseite\t\t\t\t\t<\/a>\n\t\t\t\t\t\t\t\t\t\t\t\t<\/li>\n\t\t\t<\/ol>\n\n\t<\/nav>\t<\/div>\n\n\n<h1 style=\"text-align: center;\" class=\"has-text-align-center skp-block-primary-title wp-block-skp-primary-title\" id=\"skp-block-primary-title-69d38e385bc0f2.72007901\">\n\tSitemap<\/h1>\n\n\n\n<p class=\"has-text-align-center\"><\/p>\n<\/div><\/div>\n<\/div>\n\n\n\n<div class=\"wp-block-group has-global-padding is-layout-constrained wp-block-group-is-layout-constrained\" style=\"margin-top:0;margin-bottom:0;padding-top:var(--wp--preset--spacing--md);padding-bottom:var(--wp--preset--spacing--md)\">\n<div class=\"has-text-align-left skp-block-sitemap wp-block-skp-sitemap\" id=\"skp-block-sitemap-69d38e385fd255.63259136\">\n\t<div class=\"wsp-container\"><h2 class=\"wsp-pages-title\">Seiten<\/h2>\n<ul class=\"wsp-pages-list\">\n<li class=\"page_item page-item-223\"><a href=\"https:\/\/www.le-galibot.com\/de\/\">Home<\/a><\/li>\n<li class=\"page_item page-item-237 page_item_has_children\"><a href=\"https:\/\/www.le-galibot.com\/de\/anwendungen\/\">Anwendungen<\/a>\n<ul class='children'>\n\t<li class=\"page_item page-item-254\"><a href=\"https:\/\/www.le-galibot.com\/de\/anwendungen\/freizeitparks\/\">Freizeitparks<\/a><\/li>\n\t<li class=\"page_item page-item-246\"><a href=\"https:\/\/www.le-galibot.com\/de\/anwendungen\/kommunen-und-gemeinden\/\">Kommunen und Gemeinden<\/a><\/li>\n\t<li class=\"page_item page-item-250\"><a href=\"https:\/\/www.le-galibot.com\/de\/anwendungen\/land-forst-und-imkereibetriebe\/\">Land-, Forst- und Imkereibetriebe<\/a><\/li>\n\t<li class=\"page_item page-item-258\"><a href=\"https:\/\/www.le-galibot.com\/de\/anwendungen\/logistikplattformen-und-flughafen\/\">Logistikplattformen und Flugh\u00e4fen<\/a><\/li>\n\t<li class=\"page_item page-item-242\"><a href=\"https:\/\/www.le-galibot.com\/de\/anwendungen\/weitere-einsatzbereiche\/\">Weitere Einsatzbereiche<\/a><\/li>\n<\/ul>\n<\/li>\n<li class=\"page_item page-item-202 page_item_has_children\"><a href=\"https:\/\/www.le-galibot.com\/de\/uber-uns\/\">\u00dcber uns<\/a>\n<ul class='children'>\n\t<li class=\"page_item page-item-214\"><a href=\"https:\/\/www.le-galibot.com\/de\/uber-uns\/karriere\/\">Karriere<\/a><\/li>\n<\/ul>\n<\/li>\n<li class=\"page_item page-item-282\"><a href=\"https:\/\/www.le-galibot.com\/de\/die-fabrik\/\">Die Fabrik<\/a><\/li>\n<li class=\"page_item page-item-298\"><a href=\"https:\/\/www.le-galibot.com\/de\/elektrisches-mikro-nutzfahrzeug\/\">Elektrisches Mikro-Nutzfahrzeug<\/a><\/li>\n<li class=\"page_item page-item-302\"><a href=\"https:\/\/www.le-galibot.com\/de\/kleiner-elektrischer-transporter\/\">Kleiner elektrischer Transporter<\/a><\/li>\n<li class=\"page_item page-item-322\"><a href=\"https:\/\/www.le-galibot.com\/de\/forstfahrzeug\/\">Forstfahrzeug<\/a><\/li>\n<li class=\"page_item page-item-314\"><a href=\"https:\/\/www.le-galibot.com\/de\/leichtes-elektrisches-quadricycle\/\">Leichtes elektrisches Quadricycle<\/a><\/li>\n<li class=\"page_item page-item-266\"><a href=\"https:\/\/www.le-galibot.com\/de\/elektrischer-selbstfahrender-transportwagen\/\">Elektrischer selbstfahrender Transportwagen<\/a><\/li>\n<li class=\"page_item page-item-262\"><a href=\"https:\/\/www.le-galibot.com\/de\/leichter-elektro-transporter\/\">Leichter Elektro-Transporter<\/a><\/li>\n<li class=\"page_item page-item-286\"><a href=\"https:\/\/www.le-galibot.com\/de\/galibot\/\">Galibot<\/a><\/li>\n<li class=\"page_item page-item-278\"><a href=\"https:\/\/www.le-galibot.com\/de\/e-lkw\/\">E-Lkw<\/a><\/li>\n<li class=\"page_item page-item-294\"><a href=\"https:\/\/www.le-galibot.com\/de\/impressum\/\">Impressum<\/a><\/li>\n<li class=\"page_item page-item-270\"><a href=\"https:\/\/www.le-galibot.com\/de\/kontakt\/\">Kontakt<\/a><\/li>\n<li class=\"page_item page-item-310\"><a href=\"https:\/\/www.le-galibot.com\/de\/datenschutzerklaerung\/\">Datenschutzerkl\u00e4rung<\/a><\/li>\n<\/ul>\n<\/div><\/div><\/div>\n","protected":false},"excerpt":{"rendered":"","protected":false},"author":3,"featured_media":0,"parent":0,"menu_order":100,"comment_status":"closed","ping_status":"closed","template":"","meta":{"_acf_changed":false,"footnotes":""},"class_list":["post-306","page","type-page","status-publish","hentry"],"acf":[],"yoast_head":"<!-- This site is optimized with the Yoast SEO plugin v27.3 - https:\/\/yoast.com\/product\/yoast-seo-wordpress\/ -->\n<title>Sitemap | Le Galibot<\/title>\n<meta name=\"robots\" content=\"index, follow, max-snippet:-1, max-image-preview:large, max-video-preview:-1\" \/>\n<link rel=\"canonical\" href=\"https:\/\/www.le-galibot.com\/de\/sitemap\/\" \/>\n<meta property=\"og:locale\" content=\"de_DE\" \/>\n<meta property=\"og:type\" content=\"article\" \/>\n<meta property=\"og:title\" content=\"Sitemap\" \/>\n<meta property=\"og:url\" content=\"https:\/\/www.le-galibot.com\/de\/sitemap\/\" \/>\n<meta property=\"og:site_name\" content=\"Le Galibot\" \/>\n<meta property=\"article:modified_time\" content=\"2026-03-26T20:22:02+00:00\" \/>\n<meta property=\"og:image\" content=\"https:\/\/www.le-galibot.com\/wp-inside\/uploads\/sites\/3\/2026\/03\/galibot-image-yoast.jpg\" \/>\n\t<meta property=\"og:image:width\" content=\"1200\" \/>\n\t<meta property=\"og:image:height\" content=\"675\" \/>\n\t<meta property=\"og:image:type\" content=\"image\/jpeg\" \/>\n<meta name=\"twitter:card\" content=\"summary_large_image\" \/>\n<script type=\"application\/ld+json\" class=\"yoast-schema-graph\">{\"@context\":\"https:\\\/\\\/schema.org\",\"@graph\":[{\"@type\":\"WebPage\",\"@id\":\"https:\\\/\\\/www.le-galibot.com\\\/de\\\/sitemap\\\/\",\"url\":\"https:\\\/\\\/www.le-galibot.com\\\/de\\\/sitemap\\\/\",\"name\":\"Sitemap\",\"isPartOf\":{\"@id\":\"https:\\\/\\\/www.le-galibot.com\\\/de\\\/#website\"},\"datePublished\":\"2026-03-24T11:05:39+00:00\",\"dateModified\":\"2026-03-26T20:22:02+00:00\",\"breadcrumb\":{\"@id\":\"https:\\\/\\\/www.le-galibot.com\\\/de\\\/sitemap\\\/#breadcrumb\"},\"inLanguage\":\"de\",\"potentialAction\":[{\"@type\":\"ReadAction\",\"target\":[\"https:\\\/\\\/www.le-galibot.com\\\/de\\\/sitemap\\\/\"]}]},{\"@type\":\"BreadcrumbList\",\"@id\":\"https:\\\/\\\/www.le-galibot.com\\\/de\\\/sitemap\\\/#breadcrumb\",\"itemListElement\":[{\"@type\":\"ListItem\",\"position\":1,\"name\":\"Startseite\",\"item\":\"https:\\\/\\\/www.le-galibot.com\\\/de\\\/\"},{\"@type\":\"ListItem\",\"position\":2,\"name\":\"Sitemap\"}]},{\"@type\":\"WebSite\",\"@id\":\"https:\\\/\\\/www.le-galibot.com\\\/de\\\/#website\",\"url\":\"https:\\\/\\\/www.le-galibot.com\\\/de\\\/\",\"name\":\"Le Galibot\",\"description\":\"V\u00e9hicule utilitaire \u00e9lectrique \u00e0 destination des professionnels\",\"publisher\":{\"@id\":\"https:\\\/\\\/www.le-galibot.com\\\/de\\\/#organization\"},\"potentialAction\":[{\"@type\":\"SearchAction\",\"target\":{\"@type\":\"EntryPoint\",\"urlTemplate\":\"https:\\\/\\\/www.le-galibot.com\\\/de\\\/?s={search_term_string}\"},\"query-input\":{\"@type\":\"PropertyValueSpecification\",\"valueRequired\":true,\"valueName\":\"search_term_string\"}}],\"inLanguage\":\"de\"},{\"@type\":\"Organization\",\"@id\":\"https:\\\/\\\/www.le-galibot.com\\\/de\\\/#organization\",\"name\":\"Le Galibot\",\"url\":\"https:\\\/\\\/www.le-galibot.com\\\/de\\\/\",\"logo\":{\"@type\":\"ImageObject\",\"inLanguage\":\"de\",\"@id\":\"https:\\\/\\\/www.le-galibot.com\\\/de\\\/#\\\/schema\\\/logo\\\/image\\\/\",\"url\":\"https:\\\/\\\/www.le-galibot.com\\\/wp-inside\\\/uploads\\\/sites\\\/3\\\/2026\\\/03\\\/logo.png\",\"contentUrl\":\"https:\\\/\\\/www.le-galibot.com\\\/wp-inside\\\/uploads\\\/sites\\\/3\\\/2026\\\/03\\\/logo.png\",\"width\":228,\"height\":50,\"caption\":\"Le Galibot\"},\"image\":{\"@id\":\"https:\\\/\\\/www.le-galibot.com\\\/de\\\/#\\\/schema\\\/logo\\\/image\\\/\"}}]}<\/script>\n<!-- \/ Yoast SEO plugin. -->","yoast_head_json":{"title":"Sitemap | Le Galibot","robots":{"index":"index","follow":"follow","max-snippet":"max-snippet:-1","max-image-preview":"max-image-preview:large","max-video-preview":"max-video-preview:-1"},"canonical":"https:\/\/www.le-galibot.com\/de\/sitemap\/","og_locale":"de_DE","og_type":"article","og_title":"Sitemap","og_url":"https:\/\/www.le-galibot.com\/de\/sitemap\/","og_site_name":"Le Galibot","article_modified_time":"2026-03-26T20:22:02+00:00","og_image":[{"width":1200,"height":675,"url":"https:\/\/www.le-galibot.com\/wp-inside\/uploads\/sites\/3\/2026\/03\/galibot-image-yoast.jpg","type":"image\/jpeg"}],"twitter_card":"summary_large_image","schema":{"@context":"https:\/\/schema.org","@graph":[{"@type":"WebPage","@id":"https:\/\/www.le-galibot.com\/de\/sitemap\/","url":"https:\/\/www.le-galibot.com\/de\/sitemap\/","name":"Sitemap","isPartOf":{"@id":"https:\/\/www.le-galibot.com\/de\/#website"},"datePublished":"2026-03-24T11:05:39+00:00","dateModified":"2026-03-26T20:22:02+00:00","breadcrumb":{"@id":"https:\/\/www.le-galibot.com\/de\/sitemap\/#breadcrumb"},"inLanguage":"de","potentialAction":[{"@type":"ReadAction","target":["https:\/\/www.le-galibot.com\/de\/sitemap\/"]}]},{"@type":"BreadcrumbList","@id":"https:\/\/www.le-galibot.com\/de\/sitemap\/#breadcrumb","itemListElement":[{"@type":"ListItem","position":1,"name":"Startseite","item":"https:\/\/www.le-galibot.com\/de\/"},{"@type":"ListItem","position":2,"name":"Sitemap"}]},{"@type":"WebSite","@id":"https:\/\/www.le-galibot.com\/de\/#website","url":"https:\/\/www.le-galibot.com\/de\/","name":"Le Galibot","description":"V\u00e9hicule utilitaire \u00e9lectrique \u00e0 destination des professionnels","publisher":{"@id":"https:\/\/www.le-galibot.com\/de\/#organization"},"potentialAction":[{"@type":"SearchAction","target":{"@type":"EntryPoint","urlTemplate":"https:\/\/www.le-galibot.com\/de\/?s={search_term_string}"},"query-input":{"@type":"PropertyValueSpecification","valueRequired":true,"valueName":"search_term_string"}}],"inLanguage":"de"},{"@type":"Organization","@id":"https:\/\/www.le-galibot.com\/de\/#organization","name":"Le Galibot","url":"https:\/\/www.le-galibot.com\/de\/","logo":{"@type":"ImageObject","inLanguage":"de","@id":"https:\/\/www.le-galibot.com\/de\/#\/schema\/logo\/image\/","url":"https:\/\/www.le-galibot.com\/wp-inside\/uploads\/sites\/3\/2026\/03\/logo.png","contentUrl":"https:\/\/www.le-galibot.com\/wp-inside\/uploads\/sites\/3\/2026\/03\/logo.png","width":228,"height":50,"caption":"Le Galibot"},"image":{"@id":"https:\/\/www.le-galibot.com\/de\/#\/schema\/logo\/image\/"}}]}},"_links":{"self":[{"href":"https:\/\/www.le-galibot.com\/de\/wp-json\/wp\/v2\/pages\/306","targetHints":{"allow":["GET"]}}],"collection":[{"href":"https:\/\/www.le-galibot.com\/de\/wp-json\/wp\/v2\/pages"}],"about":[{"href":"https:\/\/www.le-galibot.com\/de\/wp-json\/wp\/v2\/types\/page"}],"author":[{"embeddable":true,"href":"https:\/\/www.le-galibot.com\/de\/wp-json\/wp\/v2\/users\/3"}],"replies":[{"embeddable":true,"href":"https:\/\/www.le-galibot.com\/de\/wp-json\/wp\/v2\/comments?post=306"}],"version-history":[{"count":4,"href":"https:\/\/www.le-galibot.com\/de\/wp-json\/wp\/v2\/pages\/306\/revisions"}],"predecessor-version":[{"id":448,"href":"https:\/\/www.le-galibot.com\/de\/wp-json\/wp\/v2\/pages\/306\/revisions\/448"}],"wp:attachment":[{"href":"https:\/\/www.le-galibot.com\/de\/wp-json\/wp\/v2\/media?parent=306"}],"curies":[{"name":"wp","href":"https:\/\/api.w.org\/{rel}","templated":true}]}}