{"id":214,"date":"2026-03-26T15:43:34","date_gmt":"2026-03-26T14:43:34","guid":{"rendered":"https:\/\/www.le-galibot.com\/a-propos\/recrutement\/"},"modified":"2026-03-31T14:12:28","modified_gmt":"2026-03-31T12:12:28","slug":"karriere","status":"publish","type":"page","link":"https:\/\/www.le-galibot.com\/de\/uber-uns\/karriere\/","title":{"rendered":"Karriere"},"content":{"rendered":"\n<div class=\"wp-block-cover alignfull is-light is-style-default\" style=\"margin-top:0;margin-bottom:0;padding-top:var(--wp--preset--spacing--xl);padding-bottom:var(--wp--preset--spacing--xl);min-height:50px;aspect-ratio:unset;\"><span aria-hidden=\"true\" class=\"wp-block-cover__background has-neutral-200-background-color has-background-dim-100 has-background-dim\"><\/span><div class=\"wp-block-cover__inner-container has-global-padding is-layout-constrained wp-container-core-cover-is-layout-f26b76e4 wp-block-cover-is-layout-constrained\">\n\t<div class=\"has-text-align-center skp-block-breadcrumb wp-block-skp-breadcrumb has-sm-font-size\" id=\"skp-block-breadcrumb-69d38fd8618cf0.53314849\">\n\t\t\n<nav\tclass=\"breadcrumb\"\n\taria-label=\"Breadcrumbs\">\n\t<ol class=\"breadcrumb__list\">\n\t\t\t\t\t<li class=\"breadcrumb__item\">\n\t\t\t\t\t\t\t\t\t<a href=\"https:\/\/www.le-galibot.com\/de\/\" class=\"breadcrumb__link\">\n\t\t\t\t\t\tStartseite\t\t\t\t\t<\/a>\n\t\t\t\t\t\t\t\t\t\t\t\t<\/li>\n\t\t\t<\/ol>\n\n\t<\/nav>\t<\/div>\n\n\n<h1 style=\"text-align: center;\" class=\"has-text-align-center skp-block-primary-title wp-block-skp-primary-title\" id=\"skp-block-primary-title-69d38fd864dc37.91392262\">\n\tWerden Sie Teil von <mark class=\"skp-textformat--highlight\">Galibot<\/mark><\/h1>\n\n\n\n<p class=\"has-text-align-center\">Bei Galibot entwickeln wir innovative L\u00f6sungen f\u00fcr elektrische Nutzmobilit\u00e4t, die auf anspruchsvolle professionelle Einsatzbereiche zugeschnitten sind. Als Tochtergesellschaft der MovNtec-Gruppe profitieren wir von einer starken industriellen Verankerung durch den Produktionsstandort der Gruppe in Ruitz (Pas-de-Calais, 62), an dem unsere L\u00f6sungen industrialisiert und gefertigt werden.<\/p>\n<\/div><\/div>\n\n\n\n<div class=\"wp-block-group alignfull is-layout-flow wp-block-group-is-layout-flow\" style=\"margin-top:0;margin-bottom:var(--wp--preset--spacing--sm);padding-top:var(--wp--preset--spacing--2-xl);padding-bottom:var(--wp--preset--spacing--2-xl)\">\n<div class=\"wp-block-group has-global-padding is-layout-constrained wp-block-group-is-layout-constrained\">\n<div class=\"wp-block-columns alignwide are-vertically-aligned-center is-layout-flex wp-container-core-columns-is-layout-bcd47468 wp-block-columns-is-layout-flex\">\n<div class=\"wp-block-column is-vertically-aligned-center is-layout-flow wp-container-core-column-is-layout-86b72393 wp-block-column-is-layout-flow\">\n<figure class=\"wp-block-image size-full has-custom-border is-deco-top-left\"><img decoding=\"async\" width=\"2500\" height=\"1667\" src=\"https:\/\/www.le-galibot.com\/wp-inside\/uploads\/sites\/3\/2026\/03\/production-galibot-2.jpg\" alt=\"Production Galibot gros plan\" class=\"wp-image-1260\" style=\"border-radius:0px;aspect-ratio:4\/3;object-fit:cover\" srcset=\"https:\/\/www.le-galibot.com\/wp-inside\/uploads\/sites\/3\/2026\/03\/production-galibot-2.jpg 2500w, https:\/\/www.le-galibot.com\/wp-inside\/uploads\/sites\/3\/2026\/03\/production-galibot-2-300x200.jpg 300w, https:\/\/www.le-galibot.com\/wp-inside\/uploads\/sites\/3\/2026\/03\/production-galibot-2-1024x683.jpg 1024w, https:\/\/www.le-galibot.com\/wp-inside\/uploads\/sites\/3\/2026\/03\/production-galibot-2-768x512.jpg 768w, https:\/\/www.le-galibot.com\/wp-inside\/uploads\/sites\/3\/2026\/03\/production-galibot-2-1536x1024.jpg 1536w, https:\/\/www.le-galibot.com\/wp-inside\/uploads\/sites\/3\/2026\/03\/production-galibot-2-2048x1366.jpg 2048w, https:\/\/www.le-galibot.com\/wp-inside\/uploads\/sites\/3\/2026\/03\/production-galibot-2-2000x1334.jpg 2000w\" sizes=\"(max-width: 2500px) 100vw, 2500px\" \/><\/figure>\n<\/div>\n\n\n\n<div class=\"wp-block-column is-vertically-aligned-center is-layout-flow wp-block-column-is-layout-flow\">\n<h2 class=\"wp-block-heading is-style-default\">Warum Galibot beitreten?<\/h2>\n\n\n\n<p>Galibot beizutreten bedeutet, Teil eines wachsenden Unternehmens zu werden, das auf L\u00f6sungen f\u00fcr elektrische Nutzmobilit\u00e4t spezialisiert ist.<\/p>\n\n\n\n<p>Unsere Teams arbeiten an der Entwicklung innovativer Fahrzeuge, die die beruflichen Einsatzweisen vor Ort in zahlreichen Branchen ver\u00e4ndern: Kommunen, Logistik, Landwirtschaft oder nat\u00fcrliche Umgebungen.<\/p>\n\n\n\n<p>Gest\u00fctzt auf die industrielle Expertise der MovNtec-Gruppe bietet Galibot ein dynamisches Arbeitsumfeld, das auf Innovation, Leistungsf\u00e4higkeit und Kompetenzentwicklung ausgerichtet ist.<\/p>\n\n\n\n<div class=\"wp-block-buttons is-layout-flex wp-block-buttons-is-layout-flex\">\n<div class=\"wp-block-button is-style-btn-primary\"><a class=\"wp-block-button__link wp-element-button\" href=\"https:\/\/www.movntec.com\/contact\/#formulaire\">Senden Sie uns Ihre Bewerbung<\/a><\/div>\n<\/div>\n<\/div>\n<\/div>\n<\/div>\n<\/div>\n","protected":false},"excerpt":{"rendered":"<p>Warum Galibot beitreten? Galibot beizutreten bedeutet, Teil eines wachsenden Unternehmens zu werden, das auf L\u00f6sungen f\u00fcr elektrische Nutzmobilit\u00e4t spezialisiert ist. Unsere Teams arbeiten an der Entwicklung innovativer Fahrzeuge, die die beruflichen Einsatzweisen vor Ort in zahlreichen Branchen ver\u00e4ndern: Kommunen, Logistik, Landwirtschaft oder nat\u00fcrliche Umgebungen. Gest\u00fctzt auf die industrielle Expertise der MovNtec-Gruppe bietet Galibot ein dynamisches [&hellip;]<\/p>\n","protected":false},"author":3,"featured_media":0,"parent":202,"menu_order":0,"comment_status":"closed","ping_status":"closed","template":"","meta":{"_acf_changed":false,"footnotes":""},"class_list":["post-214","page","type-page","status-publish","hentry"],"acf":[],"yoast_head":"<!-- This site is optimized with the Yoast SEO plugin v27.3 - https:\/\/yoast.com\/product\/yoast-seo-wordpress\/ -->\n<title>Karriere | Le Galibot<\/title>\n<meta name=\"robots\" content=\"index, follow, max-snippet:-1, max-image-preview:large, max-video-preview:-1\" \/>\n<link rel=\"canonical\" href=\"https:\/\/www.le-galibot.com\/de\/uber-uns\/karriere\/\" \/>\n<meta property=\"og:locale\" content=\"de_DE\" \/>\n<meta property=\"og:type\" content=\"article\" \/>\n<meta property=\"og:title\" content=\"Karriere\" \/>\n<meta property=\"og:description\" content=\"Warum Galibot beitreten? Galibot beizutreten bedeutet, Teil eines wachsenden Unternehmens zu werden, das auf L\u00f6sungen f\u00fcr elektrische Nutzmobilit\u00e4t spezialisiert ist. Unsere Teams arbeiten an der Entwicklung innovativer Fahrzeuge, die die beruflichen Einsatzweisen vor Ort in zahlreichen Branchen ver\u00e4ndern: Kommunen, Logistik, Landwirtschaft oder nat\u00fcrliche Umgebungen. Gest\u00fctzt auf die industrielle Expertise der MovNtec-Gruppe bietet Galibot ein dynamisches [&hellip;]\" \/>\n<meta property=\"og:url\" content=\"https:\/\/www.le-galibot.com\/de\/uber-uns\/karriere\/\" \/>\n<meta property=\"og:site_name\" content=\"Le Galibot\" \/>\n<meta property=\"article:modified_time\" content=\"2026-03-31T12:12:28+00:00\" \/>\n<meta property=\"og:image\" content=\"https:\/\/www.le-galibot.com\/wp-inside\/uploads\/sites\/3\/2026\/03\/production-galibot-2.jpg\" \/>\n\t<meta property=\"og:image:width\" content=\"2500\" \/>\n\t<meta property=\"og:image:height\" content=\"1667\" \/>\n\t<meta property=\"og:image:type\" content=\"image\/jpeg\" \/>\n<meta name=\"twitter:card\" content=\"summary_large_image\" \/>\n<meta name=\"twitter:label1\" content=\"Gesch\u00e4tzte Lesezeit\" \/>\n\t<meta name=\"twitter:data1\" content=\"1\u00a0Minute\" \/>\n<script type=\"application\/ld+json\" class=\"yoast-schema-graph\">{\"@context\":\"https:\\\/\\\/schema.org\",\"@graph\":[{\"@type\":\"WebPage\",\"@id\":\"https:\\\/\\\/www.le-galibot.com\\\/de\\\/uber-uns\\\/karriere\\\/\",\"url\":\"https:\\\/\\\/www.le-galibot.com\\\/de\\\/uber-uns\\\/karriere\\\/\",\"name\":\"Karriere\",\"isPartOf\":{\"@id\":\"https:\\\/\\\/www.le-galibot.com\\\/de\\\/#website\"},\"primaryImageOfPage\":{\"@id\":\"https:\\\/\\\/www.le-galibot.com\\\/de\\\/uber-uns\\\/karriere\\\/#primaryimage\"},\"image\":{\"@id\":\"https:\\\/\\\/www.le-galibot.com\\\/de\\\/uber-uns\\\/karriere\\\/#primaryimage\"},\"thumbnailUrl\":\"https:\\\/\\\/www.le-galibot.com\\\/wp-inside\\\/uploads\\\/sites\\\/3\\\/2026\\\/03\\\/production-galibot-2.jpg\",\"datePublished\":\"2026-03-26T14:43:34+00:00\",\"dateModified\":\"2026-03-31T12:12:28+00:00\",\"breadcrumb\":{\"@id\":\"https:\\\/\\\/www.le-galibot.com\\\/de\\\/uber-uns\\\/karriere\\\/#breadcrumb\"},\"inLanguage\":\"de\",\"potentialAction\":[{\"@type\":\"ReadAction\",\"target\":[\"https:\\\/\\\/www.le-galibot.com\\\/de\\\/uber-uns\\\/karriere\\\/\"]}]},{\"@type\":\"ImageObject\",\"inLanguage\":\"de\",\"@id\":\"https:\\\/\\\/www.le-galibot.com\\\/de\\\/uber-uns\\\/karriere\\\/#primaryimage\",\"url\":\"https:\\\/\\\/www.le-galibot.com\\\/wp-inside\\\/uploads\\\/sites\\\/3\\\/2026\\\/03\\\/production-galibot-2.jpg\",\"contentUrl\":\"https:\\\/\\\/www.le-galibot.com\\\/wp-inside\\\/uploads\\\/sites\\\/3\\\/2026\\\/03\\\/production-galibot-2.jpg\"},{\"@type\":\"BreadcrumbList\",\"@id\":\"https:\\\/\\\/www.le-galibot.com\\\/de\\\/uber-uns\\\/karriere\\\/#breadcrumb\",\"itemListElement\":[{\"@type\":\"ListItem\",\"position\":1,\"name\":\"Startseite\",\"item\":\"https:\\\/\\\/www.le-galibot.com\\\/de\\\/\"},{\"@type\":\"ListItem\",\"position\":2,\"name\":\"\u00dcber uns\",\"item\":\"https:\\\/\\\/www.le-galibot.com\\\/de\\\/uber-uns\\\/\"},{\"@type\":\"ListItem\",\"position\":3,\"name\":\"Karriere\"}]},{\"@type\":\"WebSite\",\"@id\":\"https:\\\/\\\/www.le-galibot.com\\\/de\\\/#website\",\"url\":\"https:\\\/\\\/www.le-galibot.com\\\/de\\\/\",\"name\":\"Le Galibot\",\"description\":\"V\u00e9hicule utilitaire \u00e9lectrique \u00e0 destination des professionnels\",\"publisher\":{\"@id\":\"https:\\\/\\\/www.le-galibot.com\\\/de\\\/#organization\"},\"potentialAction\":[{\"@type\":\"SearchAction\",\"target\":{\"@type\":\"EntryPoint\",\"urlTemplate\":\"https:\\\/\\\/www.le-galibot.com\\\/de\\\/?s={search_term_string}\"},\"query-input\":{\"@type\":\"PropertyValueSpecification\",\"valueRequired\":true,\"valueName\":\"search_term_string\"}}],\"inLanguage\":\"de\"},{\"@type\":\"Organization\",\"@id\":\"https:\\\/\\\/www.le-galibot.com\\\/de\\\/#organization\",\"name\":\"Le Galibot\",\"url\":\"https:\\\/\\\/www.le-galibot.com\\\/de\\\/\",\"logo\":{\"@type\":\"ImageObject\",\"inLanguage\":\"de\",\"@id\":\"https:\\\/\\\/www.le-galibot.com\\\/de\\\/#\\\/schema\\\/logo\\\/image\\\/\",\"url\":\"https:\\\/\\\/www.le-galibot.com\\\/wp-inside\\\/uploads\\\/sites\\\/3\\\/2026\\\/03\\\/logo.png\",\"contentUrl\":\"https:\\\/\\\/www.le-galibot.com\\\/wp-inside\\\/uploads\\\/sites\\\/3\\\/2026\\\/03\\\/logo.png\",\"width\":228,\"height\":50,\"caption\":\"Le Galibot\"},\"image\":{\"@id\":\"https:\\\/\\\/www.le-galibot.com\\\/de\\\/#\\\/schema\\\/logo\\\/image\\\/\"}}]}<\/script>\n<!-- \/ Yoast SEO plugin. -->","yoast_head_json":{"title":"Karriere | Le Galibot","robots":{"index":"index","follow":"follow","max-snippet":"max-snippet:-1","max-image-preview":"max-image-preview:large","max-video-preview":"max-video-preview:-1"},"canonical":"https:\/\/www.le-galibot.com\/de\/uber-uns\/karriere\/","og_locale":"de_DE","og_type":"article","og_title":"Karriere","og_description":"Warum Galibot beitreten? Galibot beizutreten bedeutet, Teil eines wachsenden Unternehmens zu werden, das auf L\u00f6sungen f\u00fcr elektrische Nutzmobilit\u00e4t spezialisiert ist. Unsere Teams arbeiten an der Entwicklung innovativer Fahrzeuge, die die beruflichen Einsatzweisen vor Ort in zahlreichen Branchen ver\u00e4ndern: Kommunen, Logistik, Landwirtschaft oder nat\u00fcrliche Umgebungen. Gest\u00fctzt auf die industrielle Expertise der MovNtec-Gruppe bietet Galibot ein dynamisches [&hellip;]","og_url":"https:\/\/www.le-galibot.com\/de\/uber-uns\/karriere\/","og_site_name":"Le Galibot","article_modified_time":"2026-03-31T12:12:28+00:00","og_image":[{"width":2500,"height":1667,"url":"https:\/\/www.le-galibot.com\/wp-inside\/uploads\/sites\/3\/2026\/03\/production-galibot-2.jpg","type":"image\/jpeg"}],"twitter_card":"summary_large_image","twitter_misc":{"Gesch\u00e4tzte Lesezeit":"1\u00a0Minute"},"schema":{"@context":"https:\/\/schema.org","@graph":[{"@type":"WebPage","@id":"https:\/\/www.le-galibot.com\/de\/uber-uns\/karriere\/","url":"https:\/\/www.le-galibot.com\/de\/uber-uns\/karriere\/","name":"Karriere","isPartOf":{"@id":"https:\/\/www.le-galibot.com\/de\/#website"},"primaryImageOfPage":{"@id":"https:\/\/www.le-galibot.com\/de\/uber-uns\/karriere\/#primaryimage"},"image":{"@id":"https:\/\/www.le-galibot.com\/de\/uber-uns\/karriere\/#primaryimage"},"thumbnailUrl":"https:\/\/www.le-galibot.com\/wp-inside\/uploads\/sites\/3\/2026\/03\/production-galibot-2.jpg","datePublished":"2026-03-26T14:43:34+00:00","dateModified":"2026-03-31T12:12:28+00:00","breadcrumb":{"@id":"https:\/\/www.le-galibot.com\/de\/uber-uns\/karriere\/#breadcrumb"},"inLanguage":"de","potentialAction":[{"@type":"ReadAction","target":["https:\/\/www.le-galibot.com\/de\/uber-uns\/karriere\/"]}]},{"@type":"ImageObject","inLanguage":"de","@id":"https:\/\/www.le-galibot.com\/de\/uber-uns\/karriere\/#primaryimage","url":"https:\/\/www.le-galibot.com\/wp-inside\/uploads\/sites\/3\/2026\/03\/production-galibot-2.jpg","contentUrl":"https:\/\/www.le-galibot.com\/wp-inside\/uploads\/sites\/3\/2026\/03\/production-galibot-2.jpg"},{"@type":"BreadcrumbList","@id":"https:\/\/www.le-galibot.com\/de\/uber-uns\/karriere\/#breadcrumb","itemListElement":[{"@type":"ListItem","position":1,"name":"Startseite","item":"https:\/\/www.le-galibot.com\/de\/"},{"@type":"ListItem","position":2,"name":"\u00dcber uns","item":"https:\/\/www.le-galibot.com\/de\/uber-uns\/"},{"@type":"ListItem","position":3,"name":"Karriere"}]},{"@type":"WebSite","@id":"https:\/\/www.le-galibot.com\/de\/#website","url":"https:\/\/www.le-galibot.com\/de\/","name":"Le Galibot","description":"V\u00e9hicule utilitaire \u00e9lectrique \u00e0 destination des professionnels","publisher":{"@id":"https:\/\/www.le-galibot.com\/de\/#organization"},"potentialAction":[{"@type":"SearchAction","target":{"@type":"EntryPoint","urlTemplate":"https:\/\/www.le-galibot.com\/de\/?s={search_term_string}"},"query-input":{"@type":"PropertyValueSpecification","valueRequired":true,"valueName":"search_term_string"}}],"inLanguage":"de"},{"@type":"Organization","@id":"https:\/\/www.le-galibot.com\/de\/#organization","name":"Le Galibot","url":"https:\/\/www.le-galibot.com\/de\/","logo":{"@type":"ImageObject","inLanguage":"de","@id":"https:\/\/www.le-galibot.com\/de\/#\/schema\/logo\/image\/","url":"https:\/\/www.le-galibot.com\/wp-inside\/uploads\/sites\/3\/2026\/03\/logo.png","contentUrl":"https:\/\/www.le-galibot.com\/wp-inside\/uploads\/sites\/3\/2026\/03\/logo.png","width":228,"height":50,"caption":"Le Galibot"},"image":{"@id":"https:\/\/www.le-galibot.com\/de\/#\/schema\/logo\/image\/"}}]}},"_links":{"self":[{"href":"https:\/\/www.le-galibot.com\/de\/wp-json\/wp\/v2\/pages\/214","targetHints":{"allow":["GET"]}}],"collection":[{"href":"https:\/\/www.le-galibot.com\/de\/wp-json\/wp\/v2\/pages"}],"about":[{"href":"https:\/\/www.le-galibot.com\/de\/wp-json\/wp\/v2\/types\/page"}],"author":[{"embeddable":true,"href":"https:\/\/www.le-galibot.com\/de\/wp-json\/wp\/v2\/users\/3"}],"replies":[{"embeddable":true,"href":"https:\/\/www.le-galibot.com\/de\/wp-json\/wp\/v2\/comments?post=214"}],"version-history":[{"count":4,"href":"https:\/\/www.le-galibot.com\/de\/wp-json\/wp\/v2\/pages\/214\/revisions"}],"predecessor-version":[{"id":1464,"href":"https:\/\/www.le-galibot.com\/de\/wp-json\/wp\/v2\/pages\/214\/revisions\/1464"}],"up":[{"embeddable":true,"href":"https:\/\/www.le-galibot.com\/de\/wp-json\/wp\/v2\/pages\/202"}],"wp:attachment":[{"href":"https:\/\/www.le-galibot.com\/de\/wp-json\/wp\/v2\/media?parent=214"}],"curies":[{"name":"wp","href":"https:\/\/api.w.org\/{rel}","templated":true}]}}