{"id":202,"date":"2026-03-26T15:42:14","date_gmt":"2026-03-26T14:42:14","guid":{"rendered":"https:\/\/www.le-galibot.com\/a-propos\/"},"modified":"2026-04-01T10:43:14","modified_gmt":"2026-04-01T08:43:14","slug":"uber-uns","status":"publish","type":"page","link":"https:\/\/www.le-galibot.com\/de\/uber-uns\/","title":{"rendered":"\u00dcber uns"},"content":{"rendered":"\n<div class=\"wp-block-group alignfull has-global-padding is-layout-constrained wp-block-group-is-layout-constrained\" style=\"margin-top:0;padding-top:0;padding-bottom:0\">\n<div class=\"wp-block-cover alignfull is-light is-style-default\" style=\"margin-top:0;margin-bottom:0;padding-top:var(--wp--preset--spacing--xl);padding-bottom:var(--wp--preset--spacing--xl);min-height:50px;aspect-ratio:unset;\"><span aria-hidden=\"true\" class=\"wp-block-cover__background has-neutral-200-background-color has-background-dim-100 has-background-dim\"><\/span><div class=\"wp-block-cover__inner-container has-global-padding is-layout-constrained wp-container-core-cover-is-layout-f26b76e4 wp-block-cover-is-layout-constrained\">\n\t<div class=\"alignwide has-text-align-center skp-block-breadcrumb alignwide wp-block-skp-breadcrumb has-sm-font-size\" id=\"skp-block-breadcrumb-69d38fd0e09605.76698877\">\n\t\t\n<nav\tclass=\"breadcrumb\"\n\taria-label=\"Breadcrumbs\">\n\t<ol class=\"breadcrumb__list\">\n\t\t\t\t\t<li class=\"breadcrumb__item\">\n\t\t\t\t\t\t\t\t\t<a href=\"https:\/\/www.le-galibot.com\/de\/\" class=\"breadcrumb__link\">\n\t\t\t\t\t\tStartseite\t\t\t\t\t<\/a>\n\t\t\t\t\t\t\t\t\t\t\t\t<\/li>\n\t\t\t<\/ol>\n\n\t<\/nav>\t<\/div>\n\n\n\n<div class=\"wp-block-group alignwide is-style-group-mw-1000 is-layout-flow wp-block-group-is-layout-flow\"><h1 style=\"text-align: center;\" class=\"alignwide has-text-align-center skp-block-primary-title alignwide  wp-block-skp-primary-title\" id=\"skp-block-primary-title-69d38fd0e65284.23178033\">\n\tAlles \u00fcber <mark class=\"skp-textformat--highlight\">Galibot<\/mark><\/h1>\n\n\n\n<p class=\"has-text-align-center\">Galibot ist ein franz\u00f6sisches Industrieunternehmen, das sich auf die Entwicklung leistungsf\u00e4higer und nachhaltiger L\u00f6sungen f\u00fcr elektrische Nutzmobilit\u00e4t spezialisiert hat.<\/p>\n<\/div>\n<\/div><\/div>\n\n\n\n<div class=\"wp-block-group alignwide has-neutral-00-color has-deep-blue-background-color has-text-color has-background has-link-color wp-elements-2523d80b97957becb54ec90c61d87ed6 has-global-padding is-layout-constrained wp-container-core-group-is-layout-d2b8ec62 wp-block-group-is-layout-constrained\" style=\"border-top-left-radius:20px;border-top-right-radius:20px;border-bottom-left-radius:20px;border-bottom-right-radius:20px;margin-top:var(--wp--preset--spacing--xl);margin-bottom:var(--wp--preset--spacing--xl);padding-top:0;padding-right:0;padding-bottom:0;padding-left:0\">\n<div class=\"wp-block-columns alignfull are-vertically-aligned-center is-layout-flex wp-container-core-columns-is-layout-6d9818f2 wp-block-columns-is-layout-flex has-2-cols has-sm-1-cols has-md-1-cols has-lg-1-cols\" style=\"border-top-left-radius:20px;border-top-right-radius:20px;border-bottom-left-radius:20px;border-bottom-right-radius:20px;margin-top:var(--wp--preset--spacing--xs);margin-bottom:var(--wp--preset--spacing--xs);padding-top:0;padding-bottom:0\">\n<div class=\"wp-block-column is-vertically-aligned-center is-layout-flow wp-block-column-is-layout-flow\" style=\"border-top-left-radius:20px;border-top-right-radius:20px;border-bottom-left-radius:20px;border-bottom-right-radius:20px;padding-top:0;padding-right:0;padding-bottom:0;padding-left:0\">\n<figure class=\"wp-block-image size-full is-resized has-custom-border is-style-default\" style=\"margin-top:0;margin-right:0;margin-bottom:0;margin-left:0\"><img decoding=\"async\" width=\"2500\" height=\"1667\" src=\"https:\/\/www.le-galibot.com\/wp-inside\/uploads\/sites\/3\/2026\/03\/production-galibot-2.jpg\" alt=\"Production Galibot gros plan\" class=\"wp-image-1260\" style=\"border-top-left-radius:20px;border-top-right-radius:20px;border-bottom-left-radius:20px;border-bottom-right-radius:20px;aspect-ratio:16\/9;object-fit:cover;width:950px\" srcset=\"https:\/\/www.le-galibot.com\/wp-inside\/uploads\/sites\/3\/2026\/03\/production-galibot-2.jpg 2500w, https:\/\/www.le-galibot.com\/wp-inside\/uploads\/sites\/3\/2026\/03\/production-galibot-2-300x200.jpg 300w, https:\/\/www.le-galibot.com\/wp-inside\/uploads\/sites\/3\/2026\/03\/production-galibot-2-1024x683.jpg 1024w, https:\/\/www.le-galibot.com\/wp-inside\/uploads\/sites\/3\/2026\/03\/production-galibot-2-768x512.jpg 768w, https:\/\/www.le-galibot.com\/wp-inside\/uploads\/sites\/3\/2026\/03\/production-galibot-2-1536x1024.jpg 1536w, https:\/\/www.le-galibot.com\/wp-inside\/uploads\/sites\/3\/2026\/03\/production-galibot-2-2048x1366.jpg 2048w, https:\/\/www.le-galibot.com\/wp-inside\/uploads\/sites\/3\/2026\/03\/production-galibot-2-2000x1334.jpg 2000w\" sizes=\"(max-width: 2500px) 100vw, 2500px\" \/><\/figure>\n<\/div>\n\n\n\n<div class=\"wp-block-column is-vertically-aligned-center is-layout-flow wp-block-column-is-layout-flow\">\n<div class=\"wp-block-group has-global-padding is-layout-constrained wp-container-core-group-is-layout-b1b0d644 wp-block-group-is-layout-constrained\" style=\"padding-top:var(--wp--preset--spacing--sm);padding-right:var(--wp--preset--spacing--xs);padding-bottom:var(--wp--preset--spacing--sm);padding-left:var(--wp--preset--spacing--xs)\">\n<p class=\"has-text-align-left\">Galibot entwickelt und vertreibt kompakte elektrische Nutzfahrzeuge f\u00fcr anspruchsvolle professionelle Einsatzbereiche: Kommunen, Logistikplattformen, landwirtschaftliche Betriebe, Industrieanlagen oder Naturr\u00e4ume.<\/p>\n\n\n\n<p>Unsere Mission: thermische Nutzfahrzeuge im Nahbereich durch saubere, leise und besser an die Anforderungen vor Ort angepasste elektrische L\u00f6sungen zu ersetzen.<\/p>\n\n\n\n<p class=\"has-text-align-left\">Dank eines robusten, kompakten und modularen Designs definiert der Galibot die Standards f\u00fcr leichte Nutzfahrzeuge neu \u2013 in Bezug auf Zug\u00e4nglichkeit, Vielseitigkeit und Betriebskosten.<\/p>\n<\/div>\n<\/div>\n<\/div>\n<\/div>\n<\/div>\n\n\n\n<div class=\"wp-block-group alignfull home-section-withdecoration has-global-padding is-layout-constrained wp-block-group-is-layout-constrained\">\n<div class=\"wp-block-group alignfull has-neutral-00-background-color has-background is-layout-flow wp-block-group-is-layout-flow\" style=\"margin-top:var(--wp--preset--spacing--lg);margin-bottom:var(--wp--preset--spacing--2-xs);padding-top:var(--wp--preset--spacing--xs);padding-bottom:var(--wp--preset--spacing--lg)\">\n<div class=\"wp-block-group has-global-padding is-layout-constrained wp-block-group-is-layout-constrained\">\n<div class=\"wp-block-columns alignwide are-vertically-aligned-center is-layout-flex wp-container-core-columns-is-layout-263f2fc6 wp-block-columns-is-layout-flex\">\n<div class=\"wp-block-column is-vertically-aligned-center is-layout-flow wp-block-column-is-layout-flow\">\n<h2 class=\"wp-block-heading is-style-default\">Galibot: eine auf elektrische Nutzmobilit\u00e4t spezialisierte Expertise<\/h2>\n\n\n\n<p>Galibot st\u00fctzt sich auf ein Team, das auf die Entwicklung kompakter Elektrofahrzeuge spezialisiert ist, um L\u00f6sungen zu schaffen, die an die Anforderungen professioneller Eins\u00e4tze vor Ort angepasst sind.<\/p>\n\n\n\n<p>Unser Ansatz basiert auf:<\/p>\n\n\n\n<ul class=\"wp-block-list\">\n<li>Einer robusten Konstruktion, ausgelegt f\u00fcr intensive Nutzung<\/li>\n\n\n\n<li>Optimierter Kompaktheit f\u00fcr den Zugang zu beengten Bereichen<\/li>\n\n\n\n<li>Einem leisen und emissionsfreien Elektroantrieb<\/li>\n\n\n\n<li>Einer einfachen, reparierbaren und langlebigen Architektur<\/li>\n<\/ul>\n\n\n\n<p>Wir entwickeln Fahrzeuge, die den realen Einsatzbedingungen entsprechen, in enger Zusammenarbeit mit professionellen Anwendern, um konkrete, effiziente und sofort einsatzbereite L\u00f6sungen zu bieten.<\/p>\n<\/div>\n\n\n\n<div class=\"wp-block-column is-vertically-aligned-center is-layout-flow wp-container-core-column-is-layout-86b72393 wp-block-column-is-layout-flow\">\n<figure class=\"wp-block-image size-large\"><img loading=\"lazy\" decoding=\"async\" width=\"1024\" height=\"683\" src=\"https:\/\/www.le-galibot.com\/wp-inside\/uploads\/sites\/3\/2026\/03\/production-galibot-1024x683.jpg\" alt=\"Usine Production Galibot\" class=\"wp-image-1250\" srcset=\"https:\/\/www.le-galibot.com\/wp-inside\/uploads\/sites\/3\/2026\/03\/production-galibot-1024x683.jpg 1024w, https:\/\/www.le-galibot.com\/wp-inside\/uploads\/sites\/3\/2026\/03\/production-galibot-300x200.jpg 300w, https:\/\/www.le-galibot.com\/wp-inside\/uploads\/sites\/3\/2026\/03\/production-galibot-768x512.jpg 768w, https:\/\/www.le-galibot.com\/wp-inside\/uploads\/sites\/3\/2026\/03\/production-galibot-1536x1024.jpg 1536w, https:\/\/www.le-galibot.com\/wp-inside\/uploads\/sites\/3\/2026\/03\/production-galibot-2048x1366.jpg 2048w, https:\/\/www.le-galibot.com\/wp-inside\/uploads\/sites\/3\/2026\/03\/production-galibot-2000x1334.jpg 2000w\" sizes=\"auto, (max-width: 1024px) 100vw, 1024px\" \/><\/figure>\n<\/div>\n<\/div>\n<\/div>\n<\/div>\n\n\n\n<div class=\"wp-block-group alignfull is-layout-flow wp-block-group-is-layout-flow\" style=\"margin-top:0;margin-bottom:0\">\n<div class=\"wp-block-group has-global-padding is-layout-constrained wp-block-group-is-layout-constrained\" style=\"margin-top:var(--wp--preset--spacing--lg);margin-bottom:var(--wp--preset--spacing--lg)\">\n<div class=\"wp-block-columns alignwide is-layout-flex wp-container-core-columns-is-layout-bcd47468 wp-block-columns-is-layout-flex\">\n<div class=\"wp-block-column is-vertically-aligned-center is-layout-flow wp-container-core-column-is-layout-86b72393 wp-block-column-is-layout-flow\">\n<figure class=\"wp-block-image size-full is-style-default is-deco-top-left\"><img decoding=\"async\" src=\"https:\/\/www.movntec.com\/wp-inside\/uploads\/2026\/02\/movntec-service-industrialisation-assemblage.jpg\" alt=\"Movntec service d'industrialisation et assemblage\" class=\"wp-image-712\" style=\"aspect-ratio:16\/9;object-fit:cover\"\/><\/figure>\n<\/div>\n\n\n\n<div class=\"wp-block-column is-vertically-aligned-center is-layout-flow wp-container-core-column-is-layout-86b72393 wp-block-column-is-layout-flow\">\n<h2 class=\"wp-block-heading has-text-align-left\">MovNtec Group \u2013 Ideen in nachhaltige&nbsp;<mark class=\"skp-textformat--highlight\">Realit\u00e4t verwandeln<\/mark><\/h2>\n\n\n\n<p>Die MovNtec Group verfolgt das Ziel, den \u00dcbergang zu einer nachhaltigeren, souver\u00e4nen und leistungsf\u00e4higen europ\u00e4ischen Industrie zu beschleunigen \u2013 durch die Verbindung von industrieller Exzellenz und elektrischer Innovation.<\/p>\n\n\n\n<p class=\"has-text-align-left\"><strong>Unsere Vision:<\/strong><br>Bis 2030 ein zentraler Akteur der verantwortungsvollen Industrie in Europa zu werden, der in der Lage ist, nachhaltige, lokale und souver\u00e4ne elektrische L\u00f6sungen zu industrialisieren und anzubieten.<\/p>\n<\/div>\n<\/div>\n<\/div>\n<\/div>\n\n\n\n<div class=\"wp-block-group alignfull has-global-padding is-layout-constrained wp-block-group-is-layout-constrained\" style=\"padding-top:var(--wp--preset--spacing--lg);padding-bottom:var(--wp--preset--spacing--lg)\">\n<p class=\"has-text-align-center is-style-h3 is-style-h3--1\"><strong>Die MovNtec Group besteht aus drei Unternehmen:<\/strong> <mark class=\"skp-textformat--highlight\">Galibot, Otonohm und MovNtec.<\/mark><\/p>\n\n\n\n<div class=\"wp-block-columns alignwide is-layout-flex wp-container-core-columns-is-layout-28f84493 wp-block-columns-is-layout-flex\">\n<div class=\"wp-block-column is-layout-flow wp-block-column-is-layout-flow\">\n<p><strong>Otonohm<\/strong>&nbsp;entwickelt eine innovative und patentierte portable Energiestation f\u00fcr alle Outdoor-Anwendungen: Baustellen, Festivals, audiovisuelle Produktionen und Notfalleins\u00e4tze. Die eingesetzten Spitzentechnologien erm\u00f6glichen au\u00dfergew\u00f6hnliche Leistungswerte und eine lange Lebensdauer.<\/p>\n\n\n\n<div class=\"wp-block-buttons is-layout-flex wp-block-buttons-is-layout-flex\">\n<div class=\"wp-block-button is-style-btn-secondary\"><a class=\"wp-block-button__link wp-element-button\" href=\"http:\/\/www.otonohm.com\">Otonohm entdecken<\/a><\/div>\n<\/div>\n<\/div>\n\n\n\n<div class=\"wp-block-column is-layout-flow wp-block-column-is-layout-flow\">\n<p><strong>MovNtec&nbsp;<\/strong>ist die industrielle Einheit der MovNtec-Gruppe, spezialisiert auf die Industrialisierung und Montage technischer Produkte. Dank einer vollst\u00e4ndigen Wertsch\u00f6pfungskette (von Co-Design und Prototyping bis hin zu Produktion, Tests und Logistik) begleitet das Unternehmen die Umsetzung technologischer Innovationen in zuverl\u00e4ssige und leistungsf\u00e4hige Industrieprodukte.<\/p>\n\n\n\n<div class=\"wp-block-buttons is-layout-flex wp-block-buttons-is-layout-flex\">\n<div class=\"wp-block-button is-style-btn-secondary\"><a class=\"wp-block-button__link wp-element-button\" href=\"https:\/\/www.movntec.com\" target=\"_blank\" rel=\"noreferrer noopener\">MovNtec entdecken<\/a><\/div>\n<\/div>\n<\/div>\n\n\n\n<div class=\"wp-block-column is-layout-flow wp-block-column-is-layout-flow\">\n<p>Der&nbsp;<strong>HeSy-Antriebsstrang<\/strong>, dessen zentrale Komponente der Motor ist, bietet eine leistungsstarke und nachhaltige L\u00f6sung f\u00fcr alle mobilen Anwendungen. Ohne den Einsatz seltener Erden konzipiert \u2013 aus Gr\u00fcnden der Nachhaltigkeit und Souver\u00e4nit\u00e4t \u2013 erreicht die MovNtec-Motorenreihe einen Wirkungsgrad von \u00fcber 90 % \u00fcber nahezu den gesamten Betriebsbereich und \u00fcber 94 % in weiten Teilen davon.<\/p>\n<\/div>\n<\/div>\n<\/div>\n<\/div>\n","protected":false},"excerpt":{"rendered":"<p>Galibot entwickelt und vertreibt kompakte elektrische Nutzfahrzeuge f\u00fcr anspruchsvolle professionelle Einsatzbereiche: Kommunen, Logistikplattformen, landwirtschaftliche Betriebe, Industrieanlagen oder Naturr\u00e4ume. Unsere Mission: thermische Nutzfahrzeuge im Nahbereich durch saubere, leise und besser an die Anforderungen vor Ort angepasste elektrische L\u00f6sungen zu ersetzen. Dank eines robusten, kompakten und modularen Designs definiert der Galibot die Standards f\u00fcr leichte Nutzfahrzeuge neu [&hellip;]<\/p>\n","protected":false},"author":3,"featured_media":0,"parent":0,"menu_order":10,"comment_status":"closed","ping_status":"closed","template":"","meta":{"_acf_changed":false,"footnotes":""},"class_list":["post-202","page","type-page","status-publish","hentry"],"acf":[],"yoast_head":"<!-- This site is optimized with the Yoast SEO plugin v27.3 - https:\/\/yoast.com\/product\/yoast-seo-wordpress\/ -->\n<title>\u00dcber uns | Le Galibot<\/title>\n<meta name=\"robots\" content=\"index, follow, max-snippet:-1, max-image-preview:large, max-video-preview:-1\" \/>\n<link rel=\"canonical\" href=\"https:\/\/www.le-galibot.com\/de\/uber-uns\/\" \/>\n<meta property=\"og:locale\" content=\"de_DE\" \/>\n<meta property=\"og:type\" content=\"article\" \/>\n<meta property=\"og:title\" content=\"\u00dcber uns\" \/>\n<meta property=\"og:description\" content=\"Galibot entwickelt und vertreibt kompakte elektrische Nutzfahrzeuge f\u00fcr anspruchsvolle professionelle Einsatzbereiche: Kommunen, Logistikplattformen, landwirtschaftliche Betriebe, Industrieanlagen oder Naturr\u00e4ume. Unsere Mission: thermische Nutzfahrzeuge im Nahbereich durch saubere, leise und besser an die Anforderungen vor Ort angepasste elektrische L\u00f6sungen zu ersetzen. Dank eines robusten, kompakten und modularen Designs definiert der Galibot die Standards f\u00fcr leichte Nutzfahrzeuge neu [&hellip;]\" \/>\n<meta property=\"og:url\" content=\"https:\/\/www.le-galibot.com\/de\/uber-uns\/\" \/>\n<meta property=\"og:site_name\" content=\"Le Galibot\" \/>\n<meta property=\"article:modified_time\" content=\"2026-04-01T08:43:14+00:00\" \/>\n<meta property=\"og:image\" content=\"https:\/\/www.le-galibot.com\/wp-inside\/uploads\/sites\/3\/2026\/03\/production-galibot-2.jpg\" \/>\n\t<meta property=\"og:image:width\" content=\"2500\" \/>\n\t<meta property=\"og:image:height\" content=\"1667\" \/>\n\t<meta property=\"og:image:type\" content=\"image\/jpeg\" \/>\n<meta name=\"twitter:card\" content=\"summary_large_image\" \/>\n<meta name=\"twitter:label1\" content=\"Gesch\u00e4tzte Lesezeit\" \/>\n\t<meta name=\"twitter:data1\" content=\"2\u00a0Minuten\" \/>\n<script type=\"application\/ld+json\" class=\"yoast-schema-graph\">{\"@context\":\"https:\\\/\\\/schema.org\",\"@graph\":[{\"@type\":\"WebPage\",\"@id\":\"https:\\\/\\\/www.le-galibot.com\\\/de\\\/uber-uns\\\/\",\"url\":\"https:\\\/\\\/www.le-galibot.com\\\/de\\\/uber-uns\\\/\",\"name\":\"\u00dcber uns\",\"isPartOf\":{\"@id\":\"https:\\\/\\\/www.le-galibot.com\\\/de\\\/#website\"},\"primaryImageOfPage\":{\"@id\":\"https:\\\/\\\/www.le-galibot.com\\\/de\\\/uber-uns\\\/#primaryimage\"},\"image\":{\"@id\":\"https:\\\/\\\/www.le-galibot.com\\\/de\\\/uber-uns\\\/#primaryimage\"},\"thumbnailUrl\":\"https:\\\/\\\/www.le-galibot.com\\\/wp-inside\\\/uploads\\\/sites\\\/3\\\/2026\\\/03\\\/production-galibot-2.jpg\",\"datePublished\":\"2026-03-26T14:42:14+00:00\",\"dateModified\":\"2026-04-01T08:43:14+00:00\",\"breadcrumb\":{\"@id\":\"https:\\\/\\\/www.le-galibot.com\\\/de\\\/uber-uns\\\/#breadcrumb\"},\"inLanguage\":\"de\",\"potentialAction\":[{\"@type\":\"ReadAction\",\"target\":[\"https:\\\/\\\/www.le-galibot.com\\\/de\\\/uber-uns\\\/\"]}]},{\"@type\":\"ImageObject\",\"inLanguage\":\"de\",\"@id\":\"https:\\\/\\\/www.le-galibot.com\\\/de\\\/uber-uns\\\/#primaryimage\",\"url\":\"https:\\\/\\\/www.le-galibot.com\\\/wp-inside\\\/uploads\\\/sites\\\/3\\\/2026\\\/03\\\/production-galibot-2.jpg\",\"contentUrl\":\"https:\\\/\\\/www.le-galibot.com\\\/wp-inside\\\/uploads\\\/sites\\\/3\\\/2026\\\/03\\\/production-galibot-2.jpg\"},{\"@type\":\"BreadcrumbList\",\"@id\":\"https:\\\/\\\/www.le-galibot.com\\\/de\\\/uber-uns\\\/#breadcrumb\",\"itemListElement\":[{\"@type\":\"ListItem\",\"position\":1,\"name\":\"Startseite\",\"item\":\"https:\\\/\\\/www.le-galibot.com\\\/de\\\/\"},{\"@type\":\"ListItem\",\"position\":2,\"name\":\"\u00dcber uns\"}]},{\"@type\":\"WebSite\",\"@id\":\"https:\\\/\\\/www.le-galibot.com\\\/de\\\/#website\",\"url\":\"https:\\\/\\\/www.le-galibot.com\\\/de\\\/\",\"name\":\"Le Galibot\",\"description\":\"V\u00e9hicule utilitaire \u00e9lectrique \u00e0 destination des professionnels\",\"publisher\":{\"@id\":\"https:\\\/\\\/www.le-galibot.com\\\/de\\\/#organization\"},\"potentialAction\":[{\"@type\":\"SearchAction\",\"target\":{\"@type\":\"EntryPoint\",\"urlTemplate\":\"https:\\\/\\\/www.le-galibot.com\\\/de\\\/?s={search_term_string}\"},\"query-input\":{\"@type\":\"PropertyValueSpecification\",\"valueRequired\":true,\"valueName\":\"search_term_string\"}}],\"inLanguage\":\"de\"},{\"@type\":\"Organization\",\"@id\":\"https:\\\/\\\/www.le-galibot.com\\\/de\\\/#organization\",\"name\":\"Le Galibot\",\"url\":\"https:\\\/\\\/www.le-galibot.com\\\/de\\\/\",\"logo\":{\"@type\":\"ImageObject\",\"inLanguage\":\"de\",\"@id\":\"https:\\\/\\\/www.le-galibot.com\\\/de\\\/#\\\/schema\\\/logo\\\/image\\\/\",\"url\":\"https:\\\/\\\/www.le-galibot.com\\\/wp-inside\\\/uploads\\\/sites\\\/3\\\/2026\\\/03\\\/logo.png\",\"contentUrl\":\"https:\\\/\\\/www.le-galibot.com\\\/wp-inside\\\/uploads\\\/sites\\\/3\\\/2026\\\/03\\\/logo.png\",\"width\":228,\"height\":50,\"caption\":\"Le Galibot\"},\"image\":{\"@id\":\"https:\\\/\\\/www.le-galibot.com\\\/de\\\/#\\\/schema\\\/logo\\\/image\\\/\"}}]}<\/script>\n<!-- \/ Yoast SEO plugin. -->","yoast_head_json":{"title":"\u00dcber uns | Le Galibot","robots":{"index":"index","follow":"follow","max-snippet":"max-snippet:-1","max-image-preview":"max-image-preview:large","max-video-preview":"max-video-preview:-1"},"canonical":"https:\/\/www.le-galibot.com\/de\/uber-uns\/","og_locale":"de_DE","og_type":"article","og_title":"\u00dcber uns","og_description":"Galibot entwickelt und vertreibt kompakte elektrische Nutzfahrzeuge f\u00fcr anspruchsvolle professionelle Einsatzbereiche: Kommunen, Logistikplattformen, landwirtschaftliche Betriebe, Industrieanlagen oder Naturr\u00e4ume. Unsere Mission: thermische Nutzfahrzeuge im Nahbereich durch saubere, leise und besser an die Anforderungen vor Ort angepasste elektrische L\u00f6sungen zu ersetzen. Dank eines robusten, kompakten und modularen Designs definiert der Galibot die Standards f\u00fcr leichte Nutzfahrzeuge neu [&hellip;]","og_url":"https:\/\/www.le-galibot.com\/de\/uber-uns\/","og_site_name":"Le Galibot","article_modified_time":"2026-04-01T08:43:14+00:00","og_image":[{"width":2500,"height":1667,"url":"https:\/\/www.le-galibot.com\/wp-inside\/uploads\/sites\/3\/2026\/03\/production-galibot-2.jpg","type":"image\/jpeg"}],"twitter_card":"summary_large_image","twitter_misc":{"Gesch\u00e4tzte Lesezeit":"2\u00a0Minuten"},"schema":{"@context":"https:\/\/schema.org","@graph":[{"@type":"WebPage","@id":"https:\/\/www.le-galibot.com\/de\/uber-uns\/","url":"https:\/\/www.le-galibot.com\/de\/uber-uns\/","name":"\u00dcber uns","isPartOf":{"@id":"https:\/\/www.le-galibot.com\/de\/#website"},"primaryImageOfPage":{"@id":"https:\/\/www.le-galibot.com\/de\/uber-uns\/#primaryimage"},"image":{"@id":"https:\/\/www.le-galibot.com\/de\/uber-uns\/#primaryimage"},"thumbnailUrl":"https:\/\/www.le-galibot.com\/wp-inside\/uploads\/sites\/3\/2026\/03\/production-galibot-2.jpg","datePublished":"2026-03-26T14:42:14+00:00","dateModified":"2026-04-01T08:43:14+00:00","breadcrumb":{"@id":"https:\/\/www.le-galibot.com\/de\/uber-uns\/#breadcrumb"},"inLanguage":"de","potentialAction":[{"@type":"ReadAction","target":["https:\/\/www.le-galibot.com\/de\/uber-uns\/"]}]},{"@type":"ImageObject","inLanguage":"de","@id":"https:\/\/www.le-galibot.com\/de\/uber-uns\/#primaryimage","url":"https:\/\/www.le-galibot.com\/wp-inside\/uploads\/sites\/3\/2026\/03\/production-galibot-2.jpg","contentUrl":"https:\/\/www.le-galibot.com\/wp-inside\/uploads\/sites\/3\/2026\/03\/production-galibot-2.jpg"},{"@type":"BreadcrumbList","@id":"https:\/\/www.le-galibot.com\/de\/uber-uns\/#breadcrumb","itemListElement":[{"@type":"ListItem","position":1,"name":"Startseite","item":"https:\/\/www.le-galibot.com\/de\/"},{"@type":"ListItem","position":2,"name":"\u00dcber uns"}]},{"@type":"WebSite","@id":"https:\/\/www.le-galibot.com\/de\/#website","url":"https:\/\/www.le-galibot.com\/de\/","name":"Le Galibot","description":"V\u00e9hicule utilitaire \u00e9lectrique \u00e0 destination des professionnels","publisher":{"@id":"https:\/\/www.le-galibot.com\/de\/#organization"},"potentialAction":[{"@type":"SearchAction","target":{"@type":"EntryPoint","urlTemplate":"https:\/\/www.le-galibot.com\/de\/?s={search_term_string}"},"query-input":{"@type":"PropertyValueSpecification","valueRequired":true,"valueName":"search_term_string"}}],"inLanguage":"de"},{"@type":"Organization","@id":"https:\/\/www.le-galibot.com\/de\/#organization","name":"Le Galibot","url":"https:\/\/www.le-galibot.com\/de\/","logo":{"@type":"ImageObject","inLanguage":"de","@id":"https:\/\/www.le-galibot.com\/de\/#\/schema\/logo\/image\/","url":"https:\/\/www.le-galibot.com\/wp-inside\/uploads\/sites\/3\/2026\/03\/logo.png","contentUrl":"https:\/\/www.le-galibot.com\/wp-inside\/uploads\/sites\/3\/2026\/03\/logo.png","width":228,"height":50,"caption":"Le Galibot"},"image":{"@id":"https:\/\/www.le-galibot.com\/de\/#\/schema\/logo\/image\/"}}]}},"_links":{"self":[{"href":"https:\/\/www.le-galibot.com\/de\/wp-json\/wp\/v2\/pages\/202","targetHints":{"allow":["GET"]}}],"collection":[{"href":"https:\/\/www.le-galibot.com\/de\/wp-json\/wp\/v2\/pages"}],"about":[{"href":"https:\/\/www.le-galibot.com\/de\/wp-json\/wp\/v2\/types\/page"}],"author":[{"embeddable":true,"href":"https:\/\/www.le-galibot.com\/de\/wp-json\/wp\/v2\/users\/3"}],"replies":[{"embeddable":true,"href":"https:\/\/www.le-galibot.com\/de\/wp-json\/wp\/v2\/comments?post=202"}],"version-history":[{"count":5,"href":"https:\/\/www.le-galibot.com\/de\/wp-json\/wp\/v2\/pages\/202\/revisions"}],"predecessor-version":[{"id":1648,"href":"https:\/\/www.le-galibot.com\/de\/wp-json\/wp\/v2\/pages\/202\/revisions\/1648"}],"wp:attachment":[{"href":"https:\/\/www.le-galibot.com\/de\/wp-json\/wp\/v2\/media?parent=202"}],"curies":[{"name":"wp","href":"https:\/\/api.w.org\/{rel}","templated":true}]}}